{"id":1292,"date":"2014-12-16T15:21:33","date_gmt":"2014-12-16T14:21:33","guid":{"rendered":"http:\/\/amc-arnsberg.org\/?page_id=1292"},"modified":"2014-12-16T15:45:24","modified_gmt":"2014-12-16T14:45:24","slug":"65-jahr-feier-des-amc-am-12-12-2014","status":"publish","type":"page","link":"https:\/\/amc-arnsberg.de\/?page_id=1292","title":{"rendered":"65-Jahr-Feier des AMC am 12.12.2014"},"content":{"rendered":"<p>Die Pr\u00e4sentation zur 65. Jahr Feier des AMC wurde durch den 1. Vorsiztzenden Heinz Schulte-Hobein erstellt und pr\u00e4sentiert. Er wurde dabei durch den 2. Vorsitzenden Andre Behrensdorf und Gerd Schulte unterst\u00fctzt.<\/p>\n<p>Hier die Pr\u00e4sentation:<\/p>\n<p><a href=\"http:\/\/amc-arnsberg.org\/wp-content\/uploads\/2014\/12\/AMC-65-Jahre.pdf\">AMC 65 Jahre<\/a><\/p>\n<p>Weitere Bilder:<span style=\"color: #3366ff;\"> <em>(Vergr\u00f6\u00dferung durch Doppelklick)<\/em><\/span><\/p>\n<p><a href=\"http:\/\/amc-arnsberg.org\/wp-content\/uploads\/2014\/12\/IMG_1264.jpg\"><img loading=\"lazy\" decoding=\"async\" class=\"alignnone size-thumbnail wp-image-1296\" src=\"http:\/\/amc-arnsberg.org\/wp-content\/uploads\/2014\/12\/IMG_1264-150x150.jpg\" alt=\"IMG_1264\" width=\"150\" height=\"150\" \/><\/a> <a href=\"http:\/\/amc-arnsberg.org\/wp-content\/uploads\/2014\/12\/IMG_1266.jpg\"><img loading=\"lazy\" decoding=\"async\" class=\"alignnone size-thumbnail wp-image-1297\" src=\"http:\/\/amc-arnsberg.org\/wp-content\/uploads\/2014\/12\/IMG_1266-150x150.jpg\" alt=\"IMG_1266\" width=\"150\" height=\"150\" \/><\/a><a href=\"http:\/\/amc-arnsberg.org\/wp-content\/uploads\/2014\/12\/IMG_1271.jpg\"><img loading=\"lazy\" decoding=\"async\" class=\"alignnone size-thumbnail wp-image-1298\" src=\"http:\/\/amc-arnsberg.org\/wp-content\/uploads\/2014\/12\/IMG_1271-150x150.jpg\" alt=\"IMG_1271\" width=\"150\" height=\"150\" \/><\/a><\/p>\n<p><a href=\"http:\/\/amc-arnsberg.org\/wp-content\/uploads\/2014\/12\/IMG_1284.jpg\"><img loading=\"lazy\" decoding=\"async\" class=\"alignnone size-thumbnail wp-image-1301\" src=\"http:\/\/amc-arnsberg.org\/wp-content\/uploads\/2014\/12\/IMG_1284-150x150.jpg\" alt=\"IMG_1284\" width=\"150\" height=\"150\" \/><\/a> <a href=\"http:\/\/amc-arnsberg.org\/wp-content\/uploads\/2014\/12\/IMG_1281.jpg\"><img loading=\"lazy\" decoding=\"async\" class=\"alignnone size-thumbnail wp-image-1300\" src=\"http:\/\/amc-arnsberg.org\/wp-content\/uploads\/2014\/12\/IMG_1281-150x150.jpg\" alt=\"IMG_1281\" width=\"150\" height=\"150\" \/><\/a> <a href=\"http:\/\/amc-arnsberg.org\/wp-content\/uploads\/2014\/12\/IMG_1272.jpg\"><img loading=\"lazy\" decoding=\"async\" class=\"alignnone size-thumbnail wp-image-1299\" src=\"http:\/\/amc-arnsberg.org\/wp-content\/uploads\/2014\/12\/IMG_1272-150x150.jpg\" alt=\"IMG_1272\" width=\"150\" height=\"150\" \/><\/a><\/p>\n<p><a href=\"http:\/\/amc-arnsberg.org\/wp-content\/uploads\/2014\/12\/IMG_1289.jpg\"><img loading=\"lazy\" decoding=\"async\" class=\"alignnone size-thumbnail wp-image-1304\" src=\"http:\/\/amc-arnsberg.org\/wp-content\/uploads\/2014\/12\/IMG_1289-150x150.jpg\" alt=\"IMG_1289\" width=\"150\" height=\"150\" \/><\/a> <a href=\"http:\/\/amc-arnsberg.org\/wp-content\/uploads\/2014\/12\/IMG_1288.jpg\"><img loading=\"lazy\" decoding=\"async\" class=\"alignnone size-thumbnail wp-image-1303\" src=\"http:\/\/amc-arnsberg.org\/wp-content\/uploads\/2014\/12\/IMG_1288-150x150.jpg\" alt=\"IMG_1288\" width=\"150\" height=\"150\" \/><\/a> <a href=\"http:\/\/amc-arnsberg.org\/wp-content\/uploads\/2014\/12\/IMG_1286.jpg\"><img loading=\"lazy\" decoding=\"async\" class=\"alignnone size-thumbnail wp-image-1302\" src=\"http:\/\/amc-arnsberg.org\/wp-content\/uploads\/2014\/12\/IMG_1286-150x150.jpg\" alt=\"IMG_1286\" width=\"150\" height=\"150\" \/><\/a><\/p>\n<p><a href=\"http:\/\/amc-arnsberg.org\/wp-content\/uploads\/2014\/12\/IMG_1295.jpg\"><img loading=\"lazy\" decoding=\"async\" class=\"alignnone size-thumbnail wp-image-1307\" src=\"http:\/\/amc-arnsberg.org\/wp-content\/uploads\/2014\/12\/IMG_1295-150x150.jpg\" alt=\"IMG_1295\" width=\"150\" height=\"150\" \/><\/a> <a href=\"http:\/\/amc-arnsberg.org\/wp-content\/uploads\/2014\/12\/IMG_1294.jpg\"><img loading=\"lazy\" decoding=\"async\" class=\"alignnone size-thumbnail wp-image-1306\" src=\"http:\/\/amc-arnsberg.org\/wp-content\/uploads\/2014\/12\/IMG_1294-150x150.jpg\" alt=\"IMG_1294\" width=\"150\" height=\"150\" \/><\/a> <a href=\"http:\/\/amc-arnsberg.org\/wp-content\/uploads\/2014\/12\/IMG_1290.jpg\"><img loading=\"lazy\" decoding=\"async\" class=\"alignnone size-thumbnail wp-image-1305\" src=\"http:\/\/amc-arnsberg.org\/wp-content\/uploads\/2014\/12\/IMG_1290-150x150.jpg\" alt=\"IMG_1290\" width=\"150\" height=\"150\" \/><\/a><\/p>\n<p><a href=\"http:\/\/amc-arnsberg.org\/wp-content\/uploads\/2014\/12\/IMG_1300.jpg\"><img loading=\"lazy\" decoding=\"async\" class=\"alignnone size-thumbnail wp-image-1310\" src=\"http:\/\/amc-arnsberg.org\/wp-content\/uploads\/2014\/12\/IMG_1300-150x150.jpg\" alt=\"IMG_1300\" width=\"150\" height=\"150\" \/><\/a> <a href=\"http:\/\/amc-arnsberg.org\/wp-content\/uploads\/2014\/12\/IMG_1298.jpg\"><img loading=\"lazy\" decoding=\"async\" class=\"alignnone size-thumbnail wp-image-1309\" src=\"http:\/\/amc-arnsberg.org\/wp-content\/uploads\/2014\/12\/IMG_1298-150x150.jpg\" alt=\"IMG_1298\" width=\"150\" height=\"150\" \/><\/a> <a href=\"http:\/\/amc-arnsberg.org\/wp-content\/uploads\/2014\/12\/IMG_1296.jpg\"><img loading=\"lazy\" decoding=\"async\" class=\"alignnone size-thumbnail wp-image-1308\" src=\"http:\/\/amc-arnsberg.org\/wp-content\/uploads\/2014\/12\/IMG_1296-150x150.jpg\" alt=\"IMG_1296\" width=\"150\" height=\"150\" \/><\/a><\/p>\n","protected":false},"excerpt":{"rendered":"<p>Die Pr\u00e4sentation zur 65. Jahr Feier des AMC wurde durch den 1. Vorsiztzenden Heinz Schulte-Hobein erstellt und pr\u00e4sentiert. Er wurde dabei durch den 2. Vorsitzenden Andre Behrensdorf und Gerd Schulte unterst\u00fctzt. Hier die Pr\u00e4sentation: AMC 65 Jahre Weitere Bilder: (Vergr\u00f6\u00dferung durch Doppelklick)<\/p>\n","protected":false},"author":2,"featured_media":0,"parent":1288,"menu_order":1,"comment_status":"open","ping_status":"open","template":"","meta":{"footnotes":""},"class_list":["post-1292","page","type-page","status-publish","hentry"],"_links":{"self":[{"href":"https:\/\/amc-arnsberg.de\/index.php?rest_route=\/wp\/v2\/pages\/1292","targetHints":{"allow":["GET"]}}],"collection":[{"href":"https:\/\/amc-arnsberg.de\/index.php?rest_route=\/wp\/v2\/pages"}],"about":[{"href":"https:\/\/amc-arnsberg.de\/index.php?rest_route=\/wp\/v2\/types\/page"}],"author":[{"embeddable":true,"href":"https:\/\/amc-arnsberg.de\/index.php?rest_route=\/wp\/v2\/users\/2"}],"replies":[{"embeddable":true,"href":"https:\/\/amc-arnsberg.de\/index.php?rest_route=%2Fwp%2Fv2%2Fcomments&post=1292"}],"version-history":[{"count":3,"href":"https:\/\/amc-arnsberg.de\/index.php?rest_route=\/wp\/v2\/pages\/1292\/revisions"}],"predecessor-version":[{"id":1313,"href":"https:\/\/amc-arnsberg.de\/index.php?rest_route=\/wp\/v2\/pages\/1292\/revisions\/1313"}],"up":[{"embeddable":true,"href":"https:\/\/amc-arnsberg.de\/index.php?rest_route=\/wp\/v2\/pages\/1288"}],"wp:attachment":[{"href":"https:\/\/amc-arnsberg.de\/index.php?rest_route=%2Fwp%2Fv2%2Fmedia&parent=1292"}],"curies":[{"name":"wp","href":"https:\/\/api.w.org\/{rel}","templated":true}]}}