{"id":1668,"date":"2015-12-27T15:02:22","date_gmt":"2015-12-27T14:02:22","guid":{"rendered":"http:\/\/amc-arnsberg.org\/?page_id=1668"},"modified":"2017-12-15T12:41:55","modified_gmt":"2017-12-15T11:41:55","slug":"arnsberger-klassik-2016","status":"publish","type":"page","link":"https:\/\/amc-arnsberg.de\/?page_id=1668","title":{"rendered":"Arnsberger Klassik 2016"},"content":{"rendered":"<p><em><strong>224. Arnsberger ADAC Klassik \u00e2\u20ac\u201c 03.09.2016<\/strong><\/em><\/p>\n<p>Schon zum <strong>24. Mal<\/strong> startet 2016 die beliebte Arnsberger ADAC Klasssik um ca. <strong>09:45 Uhr<\/strong>\u00c2\u00a0 nach der Fahrzeug- und Fahrervorstellung in der Neheimer Fu\u00dfg\u00e4ngerzone (Hauptstr.).<\/p>\n<p>Startberechtigt sind PKW bis zum Baujahr 1984 und Youngtimer von Baujahr 1985 bis 1989, deren Lenker im Besitz einer g\u00fcltigen Fahrerlaubnis sind. Lizenzen sind aber nicht erforderlich.<\/p>\n<p>Die Veranstaltung ist wahlweise eine sportliche oder touristische Oldtimerfahrt mit historischen Fahrzeugen \u00fcber \u00f6ffentliche Stra\u00dfen in landschaftlich reizvoller Gegend.<\/p>\n<p>Vormittags werden die Teilnehmer an Hand eines detalliert ausgearbeiteten Bordbuches durch Ortschaften der Soester B\u00f6rde gef\u00fchrt. Nach der Mittagspause im M\u00f6belhaus Tourflon in Werl B\u00fcderich geht es zur Nachmittagsetappe ins m\u00e4rkische Sauerland, um sich schlie\u00dflich zum Abschlu\u00df mit Siegerehrung und Abendessen im Dorinthotel in Arnsberg zu treffen.<\/p>\n<p>Einen detaillierten \u00c3\u0153berblick \u00fcber die Veranstaltung bietet die Ausschreibung zur 24. Arnsberger ADAC Klassik <em>\u00e2\u20ac\u017eRoute durch B\u00f6rde und m\u00e4rkisches Sauerland\u00e2\u20ac\u0153<\/em> mit allen wichtigen Informationen:<\/p>\n<p><a href=\"http:\/\/amc-arnsberg.org\/wp-content\/uploads\/2015\/12\/Ausschreibung-kurz-V-1-2016.pdf\">Ausschreibung kurz V 1 2016<\/a><\/p>\n<p>&nbsp;<\/p>\n<p>Nachtrag, 05.09.2016:<\/p>\n<p>Fahrer und Beifahrer von 75 Fahrzeugen genossen bei bestem Sp\u00e4tsommerwetter die 24. Arnsberger ADAC Klassik am 03.09.2016.<\/p>\n<p>Die offiziellen Ergebnislisten k\u00f6nnen ab jetzt heruntergeladen werden.<\/p>\n<ul>\n<li><a href=\"http:\/\/amc-arnsberg.org\/wp-content\/uploads\/2016\/09\/Ergebnis_KL2016.pdf\">Ergebnis Arnsberger ADAC Klassik 2016<\/a><\/li>\n<li><a href=\"https:\/\/goo.gl\/photos\/cviBGimbN3TNgeQp9\" target=\"_blank\" rel=\"noopener\">Foto-Galerie Arnsberger ADAC Klassik 2016<\/a><\/li>\n<\/ul>\n<p>Hier der Bericht in der Westfalenpost\/Westf\u00e4lischen Rundschau<\/p>\n<p><a href=\"http:\/\/amc-arnsberg.org\/wp-content\/uploads\/2015\/12\/Presse-Nachbericht-WR-WP.pdf\">presse-nachbericht-wr-wp<\/a><\/p>\n","protected":false},"excerpt":{"rendered":"<p>224. Arnsberger ADAC Klassik \u00e2\u20ac\u201c 03.09.2016 Schon zum 24. Mal startet 2016 die beliebte Arnsberger ADAC Klasssik um ca. 09:45 Uhr\u00c2\u00a0 nach der Fahrzeug- und Fahrervorstellung in der Neheimer Fu\u00dfg\u00e4ngerzone (Hauptstr.). Startberechtigt sind PKW bis zum Baujahr 1984 und Youngtimer von Baujahr 1985 bis 1989, deren Lenker im Besitz einer g\u00fcltigen Fahrerlaubnis sind. Lizenzen sind &hellip; <\/p>\n<p class=\"link-more\"><a href=\"https:\/\/amc-arnsberg.de\/?page_id=1668\" class=\"more-link\"><span class=\"screen-reader-text\">\u201eArnsberger Klassik 2016\u201c<\/span> weiterlesen<\/a><\/p>\n","protected":false},"author":5,"featured_media":0,"parent":17,"menu_order":3,"comment_status":"open","ping_status":"open","template":"","meta":{"footnotes":""},"class_list":["post-1668","page","type-page","status-publish","hentry"],"_links":{"self":[{"href":"https:\/\/amc-arnsberg.de\/index.php?rest_route=\/wp\/v2\/pages\/1668","targetHints":{"allow":["GET"]}}],"collection":[{"href":"https:\/\/amc-arnsberg.de\/index.php?rest_route=\/wp\/v2\/pages"}],"about":[{"href":"https:\/\/amc-arnsberg.de\/index.php?rest_route=\/wp\/v2\/types\/page"}],"author":[{"embeddable":true,"href":"https:\/\/amc-arnsberg.de\/index.php?rest_route=\/wp\/v2\/users\/5"}],"replies":[{"embeddable":true,"href":"https:\/\/amc-arnsberg.de\/index.php?rest_route=%2Fwp%2Fv2%2Fcomments&post=1668"}],"version-history":[{"count":10,"href":"https:\/\/amc-arnsberg.de\/index.php?rest_route=\/wp\/v2\/pages\/1668\/revisions"}],"predecessor-version":[{"id":2154,"href":"https:\/\/amc-arnsberg.de\/index.php?rest_route=\/wp\/v2\/pages\/1668\/revisions\/2154"}],"up":[{"embeddable":true,"href":"https:\/\/amc-arnsberg.de\/index.php?rest_route=\/wp\/v2\/pages\/17"}],"wp:attachment":[{"href":"https:\/\/amc-arnsberg.de\/index.php?rest_route=%2Fwp%2Fv2%2Fmedia&parent=1668"}],"curies":[{"name":"wp","href":"https:\/\/api.w.org\/{rel}","templated":true}]}}