{"id":19,"date":"2011-02-16T22:49:47","date_gmt":"2011-02-16T21:49:47","guid":{"rendered":"http:\/\/amc-arnsberg.org\/wordpress\/?page_id=19"},"modified":"2013-04-14T15:47:05","modified_gmt":"2013-04-14T14:47:05","slug":"jugendgruppe","status":"publish","type":"page","link":"https:\/\/amc-arnsberg.de\/?page_id=19","title":{"rendered":"Kartgruppe"},"content":{"rendered":"<p>Tag der offenen T\u00fcr 2013 bei der Kartgruppe<\/p>\n<p>Der Tag der offenen T\u00fcr bei der Kartgtuppe des AMC fand am Samstag, dem 06.04.2013 ab 14.00 Uhr auf dem Gel\u00e4nde der Firma Reifen Kemper, Dieselstra\u00dfe in Arnsberg, statt. Interressierte Jugendliche, die in den Kartsport einsteigen m\u00f6chte, konnten in Begleitung eines Elternteils an diesem Schnuppertag fahren und sich unter anderem bei Kaffee und Kuchen \u00fcber den Kartsport des AMC-Arnsberg informieren.<\/p>\n<p>Hier ein paar Fotos:<\/p>\n<p><a href=\"http:\/\/amc-arnsberg.org\/wp-content\/uploads\/2013\/04\/DSC02054.jpg\"><img loading=\"lazy\" decoding=\"async\" class=\"alignleft size-medium wp-image-729\" alt=\"DSC02054\" src=\"http:\/\/amc-arnsberg.org\/wp-content\/uploads\/2013\/04\/DSC02054-300x225.jpg\" width=\"300\" height=\"225\" srcset=\"https:\/\/amc-arnsberg.de\/wp-content\/uploads\/2013\/04\/DSC02054-300x225.jpg 300w, https:\/\/amc-arnsberg.de\/wp-content\/uploads\/2013\/04\/DSC02054-1024x768.jpg 1024w, https:\/\/amc-arnsberg.de\/wp-content\/uploads\/2013\/04\/DSC02054.jpg 2048w\" sizes=\"auto, (max-width: 300px) 100vw, 300px\" \/><\/a> <a href=\"http:\/\/amc-arnsberg.org\/wp-content\/uploads\/2013\/04\/DSC02050.jpg\"><img loading=\"lazy\" decoding=\"async\" class=\"alignleft size-medium wp-image-728\" alt=\"DSC02050\" src=\"http:\/\/amc-arnsberg.org\/wp-content\/uploads\/2013\/04\/DSC02050-300x225.jpg\" width=\"300\" height=\"225\" srcset=\"https:\/\/amc-arnsberg.de\/wp-content\/uploads\/2013\/04\/DSC02050-300x225.jpg 300w, https:\/\/amc-arnsberg.de\/wp-content\/uploads\/2013\/04\/DSC02050-1024x768.jpg 1024w, https:\/\/amc-arnsberg.de\/wp-content\/uploads\/2013\/04\/DSC02050.jpg 2048w\" sizes=\"auto, (max-width: 300px) 100vw, 300px\" \/><\/a> <a href=\"http:\/\/amc-arnsberg.org\/wp-content\/uploads\/2013\/04\/DSC02049.jpg\"><img loading=\"lazy\" decoding=\"async\" class=\"alignleft size-medium wp-image-727\" alt=\"DSC02049\" src=\"http:\/\/amc-arnsberg.org\/wp-content\/uploads\/2013\/04\/DSC02049-300x225.jpg\" width=\"300\" height=\"225\" srcset=\"https:\/\/amc-arnsberg.de\/wp-content\/uploads\/2013\/04\/DSC02049-300x225.jpg 300w, https:\/\/amc-arnsberg.de\/wp-content\/uploads\/2013\/04\/DSC02049-1024x768.jpg 1024w, https:\/\/amc-arnsberg.de\/wp-content\/uploads\/2013\/04\/DSC02049.jpg 2048w\" sizes=\"auto, (max-width: 300px) 100vw, 300px\" \/><\/a> <a href=\"http:\/\/amc-arnsberg.org\/wp-content\/uploads\/2013\/04\/DSC02048.jpg\"><img loading=\"lazy\" decoding=\"async\" class=\"alignleft size-medium wp-image-726\" alt=\"DSC02048\" src=\"http:\/\/amc-arnsberg.org\/wp-content\/uploads\/2013\/04\/DSC02048-300x225.jpg\" width=\"300\" height=\"225\" srcset=\"https:\/\/amc-arnsberg.de\/wp-content\/uploads\/2013\/04\/DSC02048-300x225.jpg 300w, https:\/\/amc-arnsberg.de\/wp-content\/uploads\/2013\/04\/DSC02048-1024x768.jpg 1024w, https:\/\/amc-arnsberg.de\/wp-content\/uploads\/2013\/04\/DSC02048.jpg 2048w\" sizes=\"auto, (max-width: 300px) 100vw, 300px\" \/><\/a> <a href=\"http:\/\/amc-arnsberg.org\/wp-content\/uploads\/2013\/04\/DSC02055.jpg\"><img loading=\"lazy\" decoding=\"async\" class=\"alignleft size-medium wp-image-730\" alt=\"DSC02055\" src=\"http:\/\/amc-arnsberg.org\/wp-content\/uploads\/2013\/04\/DSC02055-300x225.jpg\" width=\"300\" height=\"225\" srcset=\"https:\/\/amc-arnsberg.de\/wp-content\/uploads\/2013\/04\/DSC02055-300x225.jpg 300w, https:\/\/amc-arnsberg.de\/wp-content\/uploads\/2013\/04\/DSC02055-1024x768.jpg 1024w, https:\/\/amc-arnsberg.de\/wp-content\/uploads\/2013\/04\/DSC02055.jpg 2048w\" sizes=\"auto, (max-width: 300px) 100vw, 300px\" \/><\/a> <a href=\"http:\/\/amc-arnsberg.org\/wp-content\/uploads\/2013\/04\/DSC02063.jpg\"><img loading=\"lazy\" decoding=\"async\" class=\"alignleft size-medium wp-image-737\" alt=\"DSC02063\" src=\"http:\/\/amc-arnsberg.org\/wp-content\/uploads\/2013\/04\/DSC02063-300x225.jpg\" width=\"300\" height=\"225\" srcset=\"https:\/\/amc-arnsberg.de\/wp-content\/uploads\/2013\/04\/DSC02063-300x225.jpg 300w, https:\/\/amc-arnsberg.de\/wp-content\/uploads\/2013\/04\/DSC02063-1024x768.jpg 1024w, https:\/\/amc-arnsberg.de\/wp-content\/uploads\/2013\/04\/DSC02063.jpg 2048w\" sizes=\"auto, (max-width: 300px) 100vw, 300px\" \/><\/a> <a href=\"http:\/\/amc-arnsberg.org\/wp-content\/uploads\/2013\/04\/DSC02062.jpg\"><img loading=\"lazy\" decoding=\"async\" class=\"alignleft size-medium wp-image-736\" alt=\"DSC02062\" src=\"http:\/\/amc-arnsberg.org\/wp-content\/uploads\/2013\/04\/DSC02062-300x225.jpg\" width=\"300\" height=\"225\" srcset=\"https:\/\/amc-arnsberg.de\/wp-content\/uploads\/2013\/04\/DSC02062-300x225.jpg 300w, https:\/\/amc-arnsberg.de\/wp-content\/uploads\/2013\/04\/DSC02062-1024x768.jpg 1024w, https:\/\/amc-arnsberg.de\/wp-content\/uploads\/2013\/04\/DSC02062.jpg 2048w\" sizes=\"auto, (max-width: 300px) 100vw, 300px\" \/><\/a> <a href=\"http:\/\/amc-arnsberg.org\/wp-content\/uploads\/2013\/04\/DSC02061.jpg\"><img loading=\"lazy\" decoding=\"async\" class=\"alignleft size-medium wp-image-735\" alt=\"DSC02061\" src=\"http:\/\/amc-arnsberg.org\/wp-content\/uploads\/2013\/04\/DSC02061-300x225.jpg\" width=\"300\" height=\"225\" srcset=\"https:\/\/amc-arnsberg.de\/wp-content\/uploads\/2013\/04\/DSC02061-300x225.jpg 300w, https:\/\/amc-arnsberg.de\/wp-content\/uploads\/2013\/04\/DSC02061-1024x768.jpg 1024w, https:\/\/amc-arnsberg.de\/wp-content\/uploads\/2013\/04\/DSC02061.jpg 2048w\" sizes=\"auto, (max-width: 300px) 100vw, 300px\" \/><\/a> <a href=\"http:\/\/amc-arnsberg.org\/wp-content\/uploads\/2013\/04\/DSC02060.jpg\"><img loading=\"lazy\" decoding=\"async\" class=\"alignleft size-medium wp-image-734\" alt=\"DSC02060\" src=\"http:\/\/amc-arnsberg.org\/wp-content\/uploads\/2013\/04\/DSC02060-300x225.jpg\" width=\"300\" height=\"225\" srcset=\"https:\/\/amc-arnsberg.de\/wp-content\/uploads\/2013\/04\/DSC02060-300x225.jpg 300w, https:\/\/amc-arnsberg.de\/wp-content\/uploads\/2013\/04\/DSC02060-1024x768.jpg 1024w, https:\/\/amc-arnsberg.de\/wp-content\/uploads\/2013\/04\/DSC02060.jpg 2048w\" sizes=\"auto, (max-width: 300px) 100vw, 300px\" \/><\/a> <a href=\"http:\/\/amc-arnsberg.org\/wp-content\/uploads\/2013\/04\/DSC02059.jpg\"><img loading=\"lazy\" decoding=\"async\" class=\"alignleft size-medium wp-image-733\" alt=\"DSC02059\" src=\"http:\/\/amc-arnsberg.org\/wp-content\/uploads\/2013\/04\/DSC02059-300x225.jpg\" width=\"300\" height=\"225\" srcset=\"https:\/\/amc-arnsberg.de\/wp-content\/uploads\/2013\/04\/DSC02059-300x225.jpg 300w, https:\/\/amc-arnsberg.de\/wp-content\/uploads\/2013\/04\/DSC02059-1024x768.jpg 1024w, https:\/\/amc-arnsberg.de\/wp-content\/uploads\/2013\/04\/DSC02059.jpg 2048w\" sizes=\"auto, (max-width: 300px) 100vw, 300px\" \/><\/a> <a href=\"http:\/\/amc-arnsberg.org\/wp-content\/uploads\/2013\/04\/DSC02057.jpg\"><img loading=\"lazy\" decoding=\"async\" class=\"alignleft size-medium wp-image-732\" alt=\"DSC02057\" src=\"http:\/\/amc-arnsberg.org\/wp-content\/uploads\/2013\/04\/DSC02057-300x225.jpg\" width=\"300\" height=\"225\" srcset=\"https:\/\/amc-arnsberg.de\/wp-content\/uploads\/2013\/04\/DSC02057-300x225.jpg 300w, https:\/\/amc-arnsberg.de\/wp-content\/uploads\/2013\/04\/DSC02057-1024x768.jpg 1024w, https:\/\/amc-arnsberg.de\/wp-content\/uploads\/2013\/04\/DSC02057.jpg 2048w\" sizes=\"auto, (max-width: 300px) 100vw, 300px\" \/><\/a> <a href=\"http:\/\/amc-arnsberg.org\/wp-content\/uploads\/2013\/04\/DSC02056.jpg\"><img loading=\"lazy\" decoding=\"async\" class=\"alignleft size-medium wp-image-731\" alt=\"DSC02056\" src=\"http:\/\/amc-arnsberg.org\/wp-content\/uploads\/2013\/04\/DSC02056-300x225.jpg\" width=\"300\" height=\"225\" srcset=\"https:\/\/amc-arnsberg.de\/wp-content\/uploads\/2013\/04\/DSC02056-300x225.jpg 300w, https:\/\/amc-arnsberg.de\/wp-content\/uploads\/2013\/04\/DSC02056-1024x768.jpg 1024w, https:\/\/amc-arnsberg.de\/wp-content\/uploads\/2013\/04\/DSC02056.jpg 2048w\" sizes=\"auto, (max-width: 300px) 100vw, 300px\" \/><\/a> <a href=\"http:\/\/amc-arnsberg.org\/wp-content\/uploads\/2013\/04\/DSC02071.jpg\"><img loading=\"lazy\" decoding=\"async\" class=\"alignleft size-medium wp-image-744\" alt=\"DSC02071\" src=\"http:\/\/amc-arnsberg.org\/wp-content\/uploads\/2013\/04\/DSC02071-300x225.jpg\" width=\"300\" height=\"225\" srcset=\"https:\/\/amc-arnsberg.de\/wp-content\/uploads\/2013\/04\/DSC02071-300x225.jpg 300w, https:\/\/amc-arnsberg.de\/wp-content\/uploads\/2013\/04\/DSC02071-1024x768.jpg 1024w, https:\/\/amc-arnsberg.de\/wp-content\/uploads\/2013\/04\/DSC02071.jpg 2048w\" sizes=\"auto, (max-width: 300px) 100vw, 300px\" \/><\/a> <a href=\"http:\/\/amc-arnsberg.org\/wp-content\/uploads\/2013\/04\/DSC02070.jpg\"><img loading=\"lazy\" decoding=\"async\" class=\"alignleft size-medium wp-image-743\" alt=\"DSC02070\" src=\"http:\/\/amc-arnsberg.org\/wp-content\/uploads\/2013\/04\/DSC02070-300x225.jpg\" width=\"300\" height=\"225\" srcset=\"https:\/\/amc-arnsberg.de\/wp-content\/uploads\/2013\/04\/DSC02070-300x225.jpg 300w, https:\/\/amc-arnsberg.de\/wp-content\/uploads\/2013\/04\/DSC02070-1024x768.jpg 1024w, https:\/\/amc-arnsberg.de\/wp-content\/uploads\/2013\/04\/DSC02070.jpg 2048w\" sizes=\"auto, (max-width: 300px) 100vw, 300px\" \/><\/a> <a href=\"http:\/\/amc-arnsberg.org\/wp-content\/uploads\/2013\/04\/DSC02068.jpg\"><img loading=\"lazy\" decoding=\"async\" class=\"alignleft size-medium wp-image-742\" alt=\"DSC02068\" src=\"http:\/\/amc-arnsberg.org\/wp-content\/uploads\/2013\/04\/DSC02068-300x225.jpg\" width=\"300\" height=\"225\" srcset=\"https:\/\/amc-arnsberg.de\/wp-content\/uploads\/2013\/04\/DSC02068-300x225.jpg 300w, https:\/\/amc-arnsberg.de\/wp-content\/uploads\/2013\/04\/DSC02068-1024x768.jpg 1024w, https:\/\/amc-arnsberg.de\/wp-content\/uploads\/2013\/04\/DSC02068.jpg 2048w\" sizes=\"auto, (max-width: 300px) 100vw, 300px\" \/><\/a> <a href=\"http:\/\/amc-arnsberg.org\/wp-content\/uploads\/2013\/04\/DSC02067.jpg\"><img loading=\"lazy\" decoding=\"async\" class=\"alignleft size-medium wp-image-741\" alt=\"DSC02067\" src=\"http:\/\/amc-arnsberg.org\/wp-content\/uploads\/2013\/04\/DSC02067-300x225.jpg\" width=\"300\" height=\"225\" srcset=\"https:\/\/amc-arnsberg.de\/wp-content\/uploads\/2013\/04\/DSC02067-300x225.jpg 300w, https:\/\/amc-arnsberg.de\/wp-content\/uploads\/2013\/04\/DSC02067-1024x768.jpg 1024w, https:\/\/amc-arnsberg.de\/wp-content\/uploads\/2013\/04\/DSC02067.jpg 2048w\" sizes=\"auto, (max-width: 300px) 100vw, 300px\" \/><\/a> <a href=\"http:\/\/amc-arnsberg.org\/wp-content\/uploads\/2013\/04\/DSC02066.jpg\"><img loading=\"lazy\" decoding=\"async\" class=\"alignleft size-medium wp-image-740\" alt=\"DSC02066\" src=\"http:\/\/amc-arnsberg.org\/wp-content\/uploads\/2013\/04\/DSC02066-300x225.jpg\" width=\"300\" height=\"225\" srcset=\"https:\/\/amc-arnsberg.de\/wp-content\/uploads\/2013\/04\/DSC02066-300x225.jpg 300w, https:\/\/amc-arnsberg.de\/wp-content\/uploads\/2013\/04\/DSC02066-1024x768.jpg 1024w, https:\/\/amc-arnsberg.de\/wp-content\/uploads\/2013\/04\/DSC02066.jpg 2048w\" sizes=\"auto, (max-width: 300px) 100vw, 300px\" \/><\/a> <a href=\"http:\/\/amc-arnsberg.org\/wp-content\/uploads\/2013\/04\/DSC02065.jpg\"><img loading=\"lazy\" decoding=\"async\" class=\"alignleft size-medium wp-image-739\" alt=\"DSC02065\" src=\"http:\/\/amc-arnsberg.org\/wp-content\/uploads\/2013\/04\/DSC02065-225x300.jpg\" width=\"225\" height=\"300\" srcset=\"https:\/\/amc-arnsberg.de\/wp-content\/uploads\/2013\/04\/DSC02065-225x300.jpg 225w, https:\/\/amc-arnsberg.de\/wp-content\/uploads\/2013\/04\/DSC02065-768x1024.jpg 768w, https:\/\/amc-arnsberg.de\/wp-content\/uploads\/2013\/04\/DSC02065.jpg 1536w\" sizes=\"auto, (max-width: 225px) 100vw, 225px\" \/><\/a> <a href=\"http:\/\/amc-arnsberg.org\/wp-content\/uploads\/2013\/04\/DSC02064.jpg\"><img loading=\"lazy\" decoding=\"async\" class=\"alignleft size-medium wp-image-738\" alt=\"DSC02064\" src=\"http:\/\/amc-arnsberg.org\/wp-content\/uploads\/2013\/04\/DSC02064-225x300.jpg\" width=\"225\" height=\"300\" srcset=\"https:\/\/amc-arnsberg.de\/wp-content\/uploads\/2013\/04\/DSC02064-225x300.jpg 225w, https:\/\/amc-arnsberg.de\/wp-content\/uploads\/2013\/04\/DSC02064-768x1024.jpg 768w, https:\/\/amc-arnsberg.de\/wp-content\/uploads\/2013\/04\/DSC02064.jpg 1536w\" sizes=\"auto, (max-width: 225px) 100vw, 225px\" \/><\/a><\/p>\n<p>&nbsp;<\/p>\n<p>&nbsp;<\/p>\n<p>&nbsp;<\/p>\n<p>&nbsp;<\/p>\n<p>&nbsp;<\/p>\n<p>&nbsp;<\/p>\n<p>&nbsp;<\/p>\n<p>&nbsp;<\/p>\n<p>&nbsp;<\/p>\n<p>&nbsp;<\/p>\n<p>&nbsp;<\/p>\n<p>&nbsp;<\/p>\n<p>&nbsp;<\/p>\n<p>&nbsp;<\/p>\n<p>&nbsp;<\/p>\n<p>&nbsp;<\/p>\n<p>&nbsp;<\/p>\n<p>&nbsp;<\/p>\n<p>&nbsp;<\/p>\n<p>&nbsp;<\/p>\n<p>&nbsp;<\/p>\n<p>&nbsp;<\/p>\n<p>&nbsp;<\/p>\n<p>&nbsp;<\/p>\n<p>&nbsp;<\/p>\n<p>&nbsp;<\/p>\n<p>&nbsp;<\/p>\n<p>&nbsp;<\/p>\n<p>&nbsp;<\/p>\n<p>&nbsp;<\/p>\n<p>&nbsp;<\/p>\n<p>&nbsp;<\/p>\n<p>&nbsp;<\/p>\n<p>&nbsp;<\/p>\n<p>&nbsp;<\/p>\n<p>&nbsp;<\/p>\n<p>&nbsp;<\/p>\n<p>&nbsp;<\/p>\n<p>&nbsp;<\/p>\n<p>&nbsp;<\/p>\n<p>&nbsp;<\/p>\n<p>&nbsp;<\/p>\n<p>&nbsp;<\/p>\n<p>&nbsp;<\/p>\n<p>&nbsp;<\/p>\n<p>&nbsp;<\/p>\n<p>&nbsp;<\/p>\n<p>&nbsp;<\/p>\n<p>&nbsp;<\/p>\n<p>&nbsp;<\/p>\n<p>&nbsp;<\/p>\n<p>&nbsp;<\/p>\n<p>&nbsp;<\/p>\n<p>&nbsp;<\/p>\n<p>&nbsp;<\/p>\n<p>&nbsp;<\/p>\n<p>&nbsp;<\/p>\n<p>&nbsp;<\/p>\n<p>&nbsp;<\/p>\n<p>&nbsp;<\/p>\n<p>&nbsp;<\/p>\n<p>&nbsp;<\/p>\n<p>&nbsp;<\/p>\n<p>&nbsp;<\/p>\n<p>&nbsp;<\/p>\n<p>&nbsp;<\/p>\n<p>&nbsp;<\/p>\n<p>&nbsp;<\/p>\n<p>&nbsp;<\/p>\n<p>&nbsp;<\/p>\n<p>&nbsp;<\/p>\n<p>&nbsp;<\/p>\n<p>&nbsp;<\/p>\n<p>&nbsp;<\/p>\n<p>&nbsp;<\/p>\n<p>&nbsp;<\/p>\n<p>&nbsp;<\/p>\n<p>&nbsp;<\/p>\n<p>&nbsp;<\/p>\n<p>&nbsp;<\/p>\n<p>&nbsp;<\/p>\n<p>&nbsp;<\/p>\n<p>&nbsp;<\/p>\n<p>&nbsp;<\/p>\n<p>&nbsp;<\/p>\n<p>&nbsp;<\/p>\n<p>&nbsp;<\/p>\n<p>&nbsp;<\/p>\n<p>&nbsp;<\/p>\n<p>&nbsp;<\/p>\n<p>&nbsp;<\/p>\n<p>&nbsp;<\/p>\n<p>&nbsp;<\/p>\n<p>&nbsp;<\/p>\n<p>&nbsp;<\/p>\n<p><!--more--><\/p>\n<p>Schnuppertag im Kartsport am 16.07.2011<\/p>\n<p><a href=\"http:\/\/amc-arnsberg.org\/wp-content\/uploads\/2011\/02\/karttraining-13.07.2011-wr-.jpg\"><img loading=\"lazy\" decoding=\"async\" title=\"karttraining 13.07.2011 wr\" alt=\"\" src=\"http:\/\/amc-arnsberg.org\/wp-content\/uploads\/2011\/02\/karttraining-13.07.2011-wr--e1310834903246-209x300.jpg\" width=\"209\" height=\"300\" \/><\/a><\/p>\n","protected":false},"excerpt":{"rendered":"<p>Tag der offenen T\u00fcr 2013 bei der Kartgruppe Der Tag der offenen T\u00fcr bei der Kartgtuppe des AMC fand am Samstag, dem 06.04.2013 ab 14.00 Uhr auf dem Gel\u00e4nde der Firma Reifen Kemper, Dieselstra\u00dfe in Arnsberg, statt. Interressierte Jugendliche, die in den Kartsport einsteigen m\u00f6chte, konnten in Begleitung eines Elternteils an diesem Schnuppertag fahren und &hellip; <\/p>\n<p class=\"link-more\"><a href=\"https:\/\/amc-arnsberg.de\/?page_id=19\" class=\"more-link\"><span class=\"screen-reader-text\">\u201eKartgruppe\u201c<\/span> weiterlesen<\/a><\/p>\n","protected":false},"author":2,"featured_media":0,"parent":0,"menu_order":4,"comment_status":"closed","ping_status":"closed","template":"","meta":{"footnotes":""},"class_list":["post-19","page","type-page","status-publish","hentry"],"_links":{"self":[{"href":"https:\/\/amc-arnsberg.de\/index.php?rest_route=\/wp\/v2\/pages\/19","targetHints":{"allow":["GET"]}}],"collection":[{"href":"https:\/\/amc-arnsberg.de\/index.php?rest_route=\/wp\/v2\/pages"}],"about":[{"href":"https:\/\/amc-arnsberg.de\/index.php?rest_route=\/wp\/v2\/types\/page"}],"author":[{"embeddable":true,"href":"https:\/\/amc-arnsberg.de\/index.php?rest_route=\/wp\/v2\/users\/2"}],"replies":[{"embeddable":true,"href":"https:\/\/amc-arnsberg.de\/index.php?rest_route=%2Fwp%2Fv2%2Fcomments&post=19"}],"version-history":[{"count":18,"href":"https:\/\/amc-arnsberg.de\/index.php?rest_route=\/wp\/v2\/pages\/19\/revisions"}],"predecessor-version":[{"id":750,"href":"https:\/\/amc-arnsberg.de\/index.php?rest_route=\/wp\/v2\/pages\/19\/revisions\/750"}],"wp:attachment":[{"href":"https:\/\/amc-arnsberg.de\/index.php?rest_route=%2Fwp%2Fv2%2Fmedia&parent=19"}],"curies":[{"name":"wp","href":"https:\/\/api.w.org\/{rel}","templated":true}]}}