{"id":42,"date":"2011-02-17T15:12:33","date_gmt":"2011-02-17T14:12:33","guid":{"rendered":"http:\/\/amc-arnsberg.org\/wordpress\/?page_id=42"},"modified":"2023-03-05T15:24:15","modified_gmt":"2023-03-05T14:24:15","slug":"dieter-zantner-gedachtnisfahrt","status":"publish","type":"page","link":"https:\/\/amc-arnsberg.de\/?page_id=42","title":{"rendered":"D. Zantner Ged\u00e4chtnisfahrt"},"content":{"rendered":"<p>Im Andenken an seinen langj\u00e4hrigen Vorsitzenden veranstaltet der AMC Arnsberg j\u00e4hrlich am ersten Wochenende im November die Dieter Zantner Ged\u00e4chtnisfahrt (ehemals Theodor Kronenberg Ged\u00e4chtnisfahrt).<br \/>\nHierbei handelt es sich um eine Orientierungsfahrt f\u00fcr jedermann, die auch zur j\u00e4hrlichen Clubmeisterschaft des AMC z\u00e4hlt. Die Fahrt eignet sich zudem auch als Trainingsfahrt f\u00fcr die Arnsberger Klassik.<\/p>\n<p>Die aktuellen Termine k\u00f6nnen ab Fr\u00fchjahr des jeweiligen Jahres unter Aktivit\u00e4ten auf der Webseite des AMC entnommen werden.<\/p>\n<p><em><strong><span style=\"color: #3366ff;\">Das Ergebnis 2012<\/span><\/strong><\/em><\/p>\n<ol>\n<li>Sylvia und Wolf-Hasko Nordhofen<\/li>\n<li>Martin und Dorothea Tigges<\/li>\n<li>Hubertus Wiegard und Carsten Matern<\/li>\n<li>J\u00fcrgen und Gabi Kunstmann<\/li>\n<li>Dirk Waldeyer und Nadine Herbst<\/li>\n<li>Gabi und Manfred Weigt<\/li>\n<li>Armin und Ela Penger<\/li>\n<li>Martina und Frank Sch\u00e4fer<\/li>\n<li>Dominic Tschepel und Stefanie Keidel<\/li>\n<li>Reinhild Lohre und Klemens Minderjahn<\/li>\n<li>Karl und Erika Rocholl<\/li>\n<\/ol>\n<p>Die n\u00e4chste Fahrt muss nach Losentscheidung Sylvia und Hasko ausf\u00fchren<\/p>\n","protected":false},"excerpt":{"rendered":"<p>Im Andenken an seinen langj\u00e4hrigen Vorsitzenden veranstaltet der AMC Arnsberg j\u00e4hrlich am ersten Wochenende im November die Dieter Zantner Ged\u00e4chtnisfahrt (ehemals Theodor Kronenberg Ged\u00e4chtnisfahrt). Hierbei handelt es sich um eine Orientierungsfahrt f\u00fcr jedermann, die auch zur j\u00e4hrlichen Clubmeisterschaft des AMC z\u00e4hlt. Die Fahrt eignet sich zudem auch als Trainingsfahrt f\u00fcr die Arnsberger Klassik. Die aktuellen &hellip; <\/p>\n<p class=\"link-more\"><a href=\"https:\/\/amc-arnsberg.de\/?page_id=42\" class=\"more-link\"><span class=\"screen-reader-text\">\u201eD. Zantner Ged\u00e4chtnisfahrt\u201c<\/span> weiterlesen<\/a><\/p>\n","protected":false},"author":2,"featured_media":0,"parent":13,"menu_order":4,"comment_status":"closed","ping_status":"closed","template":"","meta":{"footnotes":""},"class_list":["post-42","page","type-page","status-publish","hentry"],"_links":{"self":[{"href":"https:\/\/amc-arnsberg.de\/index.php?rest_route=\/wp\/v2\/pages\/42","targetHints":{"allow":["GET"]}}],"collection":[{"href":"https:\/\/amc-arnsberg.de\/index.php?rest_route=\/wp\/v2\/pages"}],"about":[{"href":"https:\/\/amc-arnsberg.de\/index.php?rest_route=\/wp\/v2\/types\/page"}],"author":[{"embeddable":true,"href":"https:\/\/amc-arnsberg.de\/index.php?rest_route=\/wp\/v2\/users\/2"}],"replies":[{"embeddable":true,"href":"https:\/\/amc-arnsberg.de\/index.php?rest_route=%2Fwp%2Fv2%2Fcomments&post=42"}],"version-history":[{"count":9,"href":"https:\/\/amc-arnsberg.de\/index.php?rest_route=\/wp\/v2\/pages\/42\/revisions"}],"predecessor-version":[{"id":6200,"href":"https:\/\/amc-arnsberg.de\/index.php?rest_route=\/wp\/v2\/pages\/42\/revisions\/6200"}],"up":[{"embeddable":true,"href":"https:\/\/amc-arnsberg.de\/index.php?rest_route=\/wp\/v2\/pages\/13"}],"wp:attachment":[{"href":"https:\/\/amc-arnsberg.de\/index.php?rest_route=%2Fwp%2Fv2%2Fmedia&parent=42"}],"curies":[{"name":"wp","href":"https:\/\/api.w.org\/{rel}","templated":true}]}}