{"id":7675,"date":"2025-12-14T12:47:14","date_gmt":"2025-12-14T11:47:14","guid":{"rendered":"https:\/\/amc-arnsberg.de\/?page_id=7675"},"modified":"2026-02-09T21:57:09","modified_gmt":"2026-02-09T20:57:09","slug":"arnsberger-klassik-2017-2-2-2-2-2-2-2-2-2-2","status":"publish","type":"page","link":"https:\/\/amc-arnsberg.de\/?page_id=7675","title":{"rendered":"Theodor-Kronenberg-Ged\u00e4chtnisfahrt 2026"},"content":{"rendered":"\n<h3 class=\"wp-block-heading\">Sonntag, 21. Juni 2026<\/h3>\n\n\n<div class=\"wp-block-image is-style-default\">\n<figure class=\"alignright size-full\"><a href=\"https:\/\/amc-arnsberg.de\/wp-content\/uploads\/2025\/12\/tk.png\"><img loading=\"lazy\" decoding=\"async\" width=\"316\" height=\"675\" src=\"https:\/\/amc-arnsberg.de\/wp-content\/uploads\/2025\/12\/tk.png\" alt=\"\" class=\"wp-image-7694\" srcset=\"https:\/\/amc-arnsberg.de\/wp-content\/uploads\/2025\/12\/tk.png 316w, https:\/\/amc-arnsberg.de\/wp-content\/uploads\/2025\/12\/tk-140x300.png 140w\" sizes=\"auto, (max-width: 316px) 100vw, 316px\" \/><\/a><\/figure>\n<\/div>\n\n\n<p>Die Theodor Kronenbergfahrt ist die perfekte Oldtimerfahrt f\u00fcr alle, die Fahrspa\u00df, Landschaft und Gemeinschaft verbinden m\u00f6chten. In entspannter Atmosph\u00e4re geht es durchs sch\u00f6ne Sauerland. Einfache Aufgaben zur Strecke und Fahr\u00fcbungen lassen unterwegs keine Langeweile aufkommen. Dank einfacher Streckenbeschreibung findet hier jeder m\u00fchelos den richtigen Weg \u2013 ideal auch f\u00fcr Einsteiger!<\/p>\n\n\n\n<p>Zugelassene Fahrzeuge: Old- und Youngtimer bis 2001<br>Wertung:<br>&#8211; Kronenberg-Ged\u00e4chtnisfahrt<br>-Clubmeisterschaft<br>&#8211; Touristische Oldtimerserie ADAC Westfalen<\/p>\n\n\n\n<h4 class=\"wp-block-heading\"><strong>Ausschreibung<\/strong><\/h4>\n\n\n\n<div class=\"wp-block-file\"><a id=\"wp-block-file--media-80c4c001-7aff-4cc2-a625-7ffcf34cce1c\" href=\"https:\/\/amc-arnsberg.de\/wp-content\/uploads\/2025\/12\/kronenbergfahrt_2026_ausschreibung_v1.pdf\" target=\"_blank\" rel=\"noreferrer noopener\">Ausschreibung Theodor-Kronenbergfahrt 2026<\/a><a href=\"https:\/\/amc-arnsberg.de\/wp-content\/uploads\/2025\/12\/kronenbergfahrt_2026_ausschreibung_v1.pdf\" class=\"wp-block-file__button wp-element-button\" download aria-describedby=\"wp-block-file--media-80c4c001-7aff-4cc2-a625-7ffcf34cce1c\">Herunterladen<\/a><\/div>\n\n\n\n<hr class=\"wp-block-separator has-alpha-channel-opacity\"\/>\n\n\n\n<h4 class=\"wp-block-heading\"><strong>Online Nennung<\/strong><\/h4>\n\n\n\n<p>F\u00fcr eine verbindliche Anmeldung zur Veranstaltung verwenden sie bitte das <a href=\"https:\/\/amc-arnsberg.de\/?page_id=6117\">online Nennformular.<\/a><\/p>\n\n\n\n<h4 class=\"wp-block-heading\">Teilnehmerliste<\/h4>\n\n\n\n<p><a href=\"http:\/\/ge-ho.feste-ip.net:62192\/tln\/index.php?vid=24\">Hier geht es zu den Teilnehmern<\/a><\/p>\n\n\n\n<p><\/p>\n","protected":false},"excerpt":{"rendered":"<p>Sonntag, 21. Juni 2026 Die Theodor Kronenbergfahrt ist die perfekte Oldtimerfahrt f\u00fcr alle, die Fahrspa\u00df, Landschaft und Gemeinschaft verbinden m\u00f6chten. In entspannter Atmosph\u00e4re geht es durchs sch\u00f6ne Sauerland. Einfache Aufgaben zur Strecke und Fahr\u00fcbungen lassen unterwegs keine Langeweile aufkommen. Dank einfacher Streckenbeschreibung findet hier jeder m\u00fchelos den richtigen Weg \u2013 ideal auch f\u00fcr Einsteiger! Zugelassene &hellip; <\/p>\n<p class=\"link-more\"><a href=\"https:\/\/amc-arnsberg.de\/?page_id=7675\" class=\"more-link\"><span class=\"screen-reader-text\">\u201eTheodor-Kronenberg-Ged\u00e4chtnisfahrt 2026\u201c<\/span> weiterlesen<\/a><\/p>\n","protected":false},"author":5,"featured_media":0,"parent":0,"menu_order":1,"comment_status":"open","ping_status":"open","template":"","meta":{"footnotes":""},"class_list":["post-7675","page","type-page","status-publish","hentry"],"_links":{"self":[{"href":"https:\/\/amc-arnsberg.de\/index.php?rest_route=\/wp\/v2\/pages\/7675","targetHints":{"allow":["GET"]}}],"collection":[{"href":"https:\/\/amc-arnsberg.de\/index.php?rest_route=\/wp\/v2\/pages"}],"about":[{"href":"https:\/\/amc-arnsberg.de\/index.php?rest_route=\/wp\/v2\/types\/page"}],"author":[{"embeddable":true,"href":"https:\/\/amc-arnsberg.de\/index.php?rest_route=\/wp\/v2\/users\/5"}],"replies":[{"embeddable":true,"href":"https:\/\/amc-arnsberg.de\/index.php?rest_route=%2Fwp%2Fv2%2Fcomments&post=7675"}],"version-history":[{"count":5,"href":"https:\/\/amc-arnsberg.de\/index.php?rest_route=\/wp\/v2\/pages\/7675\/revisions"}],"predecessor-version":[{"id":7739,"href":"https:\/\/amc-arnsberg.de\/index.php?rest_route=\/wp\/v2\/pages\/7675\/revisions\/7739"}],"wp:attachment":[{"href":"https:\/\/amc-arnsberg.de\/index.php?rest_route=%2Fwp%2Fv2%2Fmedia&parent=7675"}],"curies":[{"name":"wp","href":"https:\/\/api.w.org\/{rel}","templated":true}]}}